





{"id":4953,"date":"2023-07-13T07:53:32","date_gmt":"2023-07-13T05:53:32","guid":{"rendered":"https:\/\/x80ymbbgdc.preview.infomaniak.website\/?page_id=4953"},"modified":"2025-10-27T14:16:37","modified_gmt":"2025-10-27T13:16:37","slug":"carte-des-vins","status":"publish","type":"page","link":"https:\/\/chezphilippe.ch\/fr\/restaurant\/carte-des-vins\/","title":{"rendered":"Carte des vins"},"content":{"rendered":"  <div class=\" container-fluid hero-page \" style=\"background-image:  url('https:\/\/chezphilippe.ch\/app\/uploads\/2023\/07\/hero-header-fullwidth-cartes-des-vins.jpg');\" id=\"hero_block\">\n      <a href=\"https:\/\/chezphilippe.ch\/fr\/\" class=\"hero-logo-link\" > \n      <span class=\"hero-logo\" style=\"background-image: url('https:\/\/chezphilippe.ch\/app\/uploads\/2023\/06\/chez-philippe-logo-signature-white.svg');\"><\/span>\n\n       <\/a>\n\n\n      <h1 class=\"hero-title\"> Carte des vins <\/h1>\n\n  \n    \n\n    \n<section class=\"gradient-bottom-menu\"><\/section>\n\n<section class=\"hero-menu\">\n  <div class=\"container\">\n    <div class=\"row hero-menu-row\">\n          <\/div>\n  <\/div>\n<\/section>\n   \n  \n<\/div>\n\n<div id=\"bouillon-content\"><\/div>\n\n\n  <div class=\"container fullwidth-html\" id=\"carte-des-vins-content\">\n  \n  <div class=\"row\">\n    <div class=\"col-md-12 wysiwyg\">\n      \n         <p>&nbsp;<\/p>\n<p>&nbsp;<\/p>\n<h2 style=\"text-align: center;\"><a href=\"https:\/\/chezphilippe.ch\/app\/uploads\/2024\/10\/Carte-des-vins-Chez-Philippe-2024-4.pdf\">Carte des vins Chez Philippe 2024-4<\/a><\/h2>\n<h1 style=\"position: relative; padding-top: max(60%,326px); height: 0; width: 100%;\"><\/h1>\n\n    <\/div>\n  <\/div>\n\n  \n<\/div>\n\n\n<div data-wp-interactive=\"core\/file\" class=\"wp-block-file\"><object data-wp-bind--hidden=\"!state.hasPdfPreview\"  class=\"wp-block-file__embed\" data=\"https:\/\/chezphilippe.ch\/app\/uploads\/2025\/10\/Carte-des-vins-Chez-Philippe-2025-1.pdf\" type=\"application\/pdf\" style=\"width:100%;height:600px\" aria-label=\"Embed of Carte des vins Chez Philippe 2025.\"><\/object><a id=\"wp-block-file--media-2e0f8daa-b3fe-40dd-898f-7ea4ec4c22ee\" href=\"https:\/\/chezphilippe.ch\/app\/uploads\/2025\/10\/Carte-des-vins-Chez-Philippe-2025-1.pdf\">Carte des vins Chez Philippe 2025<\/a><a href=\"https:\/\/chezphilippe.ch\/app\/uploads\/2025\/10\/Carte-des-vins-Chez-Philippe-2025-1.pdf\" class=\"wp-block-file__button wp-element-button\" download aria-describedby=\"wp-block-file--media-2e0f8daa-b3fe-40dd-898f-7ea4ec4c22ee\">T\u00e9l\u00e9charger<\/a><\/div>\n","protected":false},"excerpt":{"rendered":"","protected":false},"author":2,"featured_media":0,"parent":920,"menu_order":0,"comment_status":"closed","ping_status":"closed","template":"","meta":{"_acf_changed":false,"inline_featured_image":false,"footnotes":""},"class_list":["post-4953","page","type-page","status-publish","hentry"],"acf":[],"yoast_head":"<!-- This site is optimized with the Yoast SEO plugin v23.9 - https:\/\/yoast.com\/wordpress\/plugins\/seo\/ -->\n<title>Carte des vins - Chez Philippe<\/title>\n<meta name=\"description\" content=\"Une cave de plus 450 r\u00e9f\u00e9rences internationales pour 5000 bouteilles, avec une importance toute particuli\u00e8re accord\u00e9e aux vignerons genevois\" \/>\n<meta name=\"robots\" content=\"index, follow, max-snippet:-1, max-image-preview:large, max-video-preview:-1\" \/>\n<link rel=\"canonical\" href=\"https:\/\/chezphilippe.ch\/fr\/restaurant\/carte-des-vins\/\" \/>\n<meta property=\"og:locale\" content=\"fr_FR\" \/>\n<meta property=\"og:type\" content=\"article\" \/>\n<meta property=\"og:title\" content=\"Carte des vins - Chez Philippe\" \/>\n<meta property=\"og:description\" content=\"Une cave de plus 450 r\u00e9f\u00e9rences internationales pour 5000 bouteilles, avec une importance toute particuli\u00e8re accord\u00e9e aux vignerons genevois\" \/>\n<meta property=\"og:url\" content=\"https:\/\/chezphilippe.ch\/fr\/restaurant\/carte-des-vins\/\" \/>\n<meta property=\"og:site_name\" content=\"Chez Philippe\" \/>\n<meta property=\"article:modified_time\" content=\"2025-10-27T13:16:37+00:00\" \/>\n<meta name=\"twitter:card\" content=\"summary_large_image\" \/>\n<meta name=\"twitter:label1\" content=\"Est. reading time\" \/>\n\t<meta name=\"twitter:data1\" content=\"1 minute\" \/>\n<script type=\"application\/ld+json\" class=\"yoast-schema-graph\">{\"@context\":\"https:\/\/schema.org\",\"@graph\":[{\"@type\":\"WebPage\",\"@id\":\"https:\/\/chezphilippe.ch\/fr\/restaurant\/carte-des-vins\/\",\"url\":\"https:\/\/chezphilippe.ch\/fr\/restaurant\/carte-des-vins\/\",\"name\":\"Carte des vins - Chez Philippe\",\"isPartOf\":{\"@id\":\"https:\/\/chezphilippe.ch\/fr\/#website\"},\"datePublished\":\"2023-07-13T05:53:32+00:00\",\"dateModified\":\"2025-10-27T13:16:37+00:00\",\"description\":\"Une cave de plus 450 r\u00e9f\u00e9rences internationales pour 5000 bouteilles, avec une importance toute particuli\u00e8re accord\u00e9e aux vignerons genevois\",\"breadcrumb\":{\"@id\":\"https:\/\/chezphilippe.ch\/fr\/restaurant\/carte-des-vins\/#breadcrumb\"},\"inLanguage\":\"fr-FR\",\"potentialAction\":[{\"@type\":\"ReadAction\",\"target\":[\"https:\/\/chezphilippe.ch\/fr\/restaurant\/carte-des-vins\/\"]}]},{\"@type\":\"BreadcrumbList\",\"@id\":\"https:\/\/chezphilippe.ch\/fr\/restaurant\/carte-des-vins\/#breadcrumb\",\"itemListElement\":[{\"@type\":\"ListItem\",\"position\":1,\"name\":\"Home\",\"item\":\"https:\/\/chezphilippe.ch\/fr\/\"},{\"@type\":\"ListItem\",\"position\":2,\"name\":\"Le Grill\",\"item\":\"https:\/\/chezphilippe.ch\/fr\/restaurant\/\"},{\"@type\":\"ListItem\",\"position\":3,\"name\":\"Carte des vins\"}]},{\"@type\":\"WebSite\",\"@id\":\"https:\/\/chezphilippe.ch\/fr\/#website\",\"url\":\"https:\/\/chezphilippe.ch\/fr\/\",\"name\":\"Chez Philippe\",\"description\":\"Steak House &amp; Bar au coeur de Gen\u00e8ve\",\"publisher\":{\"@id\":\"https:\/\/chezphilippe.ch\/fr\/#organization\"},\"potentialAction\":[{\"@type\":\"SearchAction\",\"target\":{\"@type\":\"EntryPoint\",\"urlTemplate\":\"https:\/\/chezphilippe.ch\/fr\/?s={search_term_string}\"},\"query-input\":{\"@type\":\"PropertyValueSpecification\",\"valueRequired\":true,\"valueName\":\"search_term_string\"}}],\"inLanguage\":\"fr-FR\"},{\"@type\":\"Organization\",\"@id\":\"https:\/\/chezphilippe.ch\/fr\/#organization\",\"name\":\"Chez Philippe\",\"url\":\"https:\/\/chezphilippe.ch\/fr\/\",\"logo\":{\"@type\":\"ImageObject\",\"inLanguage\":\"fr-FR\",\"@id\":\"https:\/\/chezphilippe.ch\/fr\/#\/schema\/logo\/image\/\",\"url\":\"https:\/\/chezphilippe.ch\/app\/uploads\/2023\/06\/chez-philippe-logo-signature-white.svg\",\"contentUrl\":\"https:\/\/chezphilippe.ch\/app\/uploads\/2023\/06\/chez-philippe-logo-signature-white.svg\",\"caption\":\"Chez Philippe\"},\"image\":{\"@id\":\"https:\/\/chezphilippe.ch\/fr\/#\/schema\/logo\/image\/\"}}]}<\/script>\n<!-- \/ Yoast SEO plugin. -->","yoast_head_json":{"title":"Carte des vins - Chez Philippe","description":"Une cave de plus 450 r\u00e9f\u00e9rences internationales pour 5000 bouteilles, avec une importance toute particuli\u00e8re accord\u00e9e aux vignerons genevois","robots":{"index":"index","follow":"follow","max-snippet":"max-snippet:-1","max-image-preview":"max-image-preview:large","max-video-preview":"max-video-preview:-1"},"canonical":"https:\/\/chezphilippe.ch\/fr\/restaurant\/carte-des-vins\/","og_locale":"fr_FR","og_type":"article","og_title":"Carte des vins - Chez Philippe","og_description":"Une cave de plus 450 r\u00e9f\u00e9rences internationales pour 5000 bouteilles, avec une importance toute particuli\u00e8re accord\u00e9e aux vignerons genevois","og_url":"https:\/\/chezphilippe.ch\/fr\/restaurant\/carte-des-vins\/","og_site_name":"Chez Philippe","article_modified_time":"2025-10-27T13:16:37+00:00","twitter_card":"summary_large_image","twitter_misc":{"Est. reading time":"1 minute"},"schema":{"@context":"https:\/\/schema.org","@graph":[{"@type":"WebPage","@id":"https:\/\/chezphilippe.ch\/fr\/restaurant\/carte-des-vins\/","url":"https:\/\/chezphilippe.ch\/fr\/restaurant\/carte-des-vins\/","name":"Carte des vins - Chez Philippe","isPartOf":{"@id":"https:\/\/chezphilippe.ch\/fr\/#website"},"datePublished":"2023-07-13T05:53:32+00:00","dateModified":"2025-10-27T13:16:37+00:00","description":"Une cave de plus 450 r\u00e9f\u00e9rences internationales pour 5000 bouteilles, avec une importance toute particuli\u00e8re accord\u00e9e aux vignerons genevois","breadcrumb":{"@id":"https:\/\/chezphilippe.ch\/fr\/restaurant\/carte-des-vins\/#breadcrumb"},"inLanguage":"fr-FR","potentialAction":[{"@type":"ReadAction","target":["https:\/\/chezphilippe.ch\/fr\/restaurant\/carte-des-vins\/"]}]},{"@type":"BreadcrumbList","@id":"https:\/\/chezphilippe.ch\/fr\/restaurant\/carte-des-vins\/#breadcrumb","itemListElement":[{"@type":"ListItem","position":1,"name":"Home","item":"https:\/\/chezphilippe.ch\/fr\/"},{"@type":"ListItem","position":2,"name":"Le Grill","item":"https:\/\/chezphilippe.ch\/fr\/restaurant\/"},{"@type":"ListItem","position":3,"name":"Carte des vins"}]},{"@type":"WebSite","@id":"https:\/\/chezphilippe.ch\/fr\/#website","url":"https:\/\/chezphilippe.ch\/fr\/","name":"Chez Philippe","description":"Steak House &amp; Bar au coeur de Gen\u00e8ve","publisher":{"@id":"https:\/\/chezphilippe.ch\/fr\/#organization"},"potentialAction":[{"@type":"SearchAction","target":{"@type":"EntryPoint","urlTemplate":"https:\/\/chezphilippe.ch\/fr\/?s={search_term_string}"},"query-input":{"@type":"PropertyValueSpecification","valueRequired":true,"valueName":"search_term_string"}}],"inLanguage":"fr-FR"},{"@type":"Organization","@id":"https:\/\/chezphilippe.ch\/fr\/#organization","name":"Chez Philippe","url":"https:\/\/chezphilippe.ch\/fr\/","logo":{"@type":"ImageObject","inLanguage":"fr-FR","@id":"https:\/\/chezphilippe.ch\/fr\/#\/schema\/logo\/image\/","url":"https:\/\/chezphilippe.ch\/app\/uploads\/2023\/06\/chez-philippe-logo-signature-white.svg","contentUrl":"https:\/\/chezphilippe.ch\/app\/uploads\/2023\/06\/chez-philippe-logo-signature-white.svg","caption":"Chez Philippe"},"image":{"@id":"https:\/\/chezphilippe.ch\/fr\/#\/schema\/logo\/image\/"}}]}},"_links":{"self":[{"href":"https:\/\/chezphilippe.ch\/fr\/wp-json\/wp\/v2\/pages\/4953"}],"collection":[{"href":"https:\/\/chezphilippe.ch\/fr\/wp-json\/wp\/v2\/pages"}],"about":[{"href":"https:\/\/chezphilippe.ch\/fr\/wp-json\/wp\/v2\/types\/page"}],"author":[{"embeddable":true,"href":"https:\/\/chezphilippe.ch\/fr\/wp-json\/wp\/v2\/users\/2"}],"replies":[{"embeddable":true,"href":"https:\/\/chezphilippe.ch\/fr\/wp-json\/wp\/v2\/comments?post=4953"}],"version-history":[{"count":23,"href":"https:\/\/chezphilippe.ch\/fr\/wp-json\/wp\/v2\/pages\/4953\/revisions"}],"predecessor-version":[{"id":8582,"href":"https:\/\/chezphilippe.ch\/fr\/wp-json\/wp\/v2\/pages\/4953\/revisions\/8582"}],"up":[{"embeddable":true,"href":"https:\/\/chezphilippe.ch\/fr\/wp-json\/wp\/v2\/pages\/920"}],"wp:attachment":[{"href":"https:\/\/chezphilippe.ch\/fr\/wp-json\/wp\/v2\/media?parent=4953"}],"curies":[{"name":"wp","href":"https:\/\/api.w.org\/{rel}","templated":true}]}}