





{"id":318,"date":"2022-09-02T10:09:05","date_gmt":"2022-09-02T08:09:05","guid":{"rendered":"http:\/\/localhost:8888\/?page_id=318"},"modified":"2026-02-09T16:21:02","modified_gmt":"2026-02-09T15:21:02","slug":"accueil","status":"publish","type":"page","link":"https:\/\/chezphilippe.ch\/fr\/","title":{"rendered":"Accueil"},"content":{"rendered":"  <div class=\" container-fluid hero-page \" style=\"background-image:  url('https:\/\/chezphilippe.ch\/app\/uploads\/2024\/07\/mathildaperrot-chezphilippe-grill-header.jpg');\" id=\"hero_block\">\n      <a href=\"https:\/\/chezphilippe.ch\/fr\/\" class=\"hero-logo-link\" > \n      <span class=\"hero-logo\" style=\"background-image: url('https:\/\/chezphilippe.ch\/app\/uploads\/2023\/06\/chez-philippe-logo-signature-white.svg');\"><\/span>\n\n       <\/a>\n\n\n  \n    \n\n    \n<section class=\"gradient-bottom-menu\"><\/section>\n\n<section class=\"hero-menu\">\n  <div class=\"container\">\n    <div class=\"row hero-menu-row\">\n             \n        <a href=\"https:\/\/chezphilippe.ch\/fr\/restaurant\/\" class=\"col-md-4 single-menu-column\">\n          <div id=\"hero_menu_block_1\" class=\"hero-menu-block \" data-image-hover-url=\"https:\/\/chezphilippe.ch\/app\/uploads\/2024\/07\/mathildaperrot-chezphilippe-grill-header.jpg\">\n            <div class=\"single-menu-title\">\n              <h2> Grill <\/h2>\n            <\/div>\n            <div class=\"single-menu-description\">\n              Un authentique Steak House au c\u0153ur de Gen\u00e8ve\n            <\/div>\n            <div class=\"single-menu-button\">\n              D\u00c9COUVRIR <i class=\"fa-solid fa-chevron-right fa-sm\"><\/i>\n            <\/div>\n          <\/div>\n        <\/a>\n             \n        <a href=\"https:\/\/chezphilippe.ch\/fr\/le-bar\/\" class=\"col-md-4 single-menu-column\">\n          <div id=\"hero_menu_block_2\" class=\"hero-menu-block \" data-image-hover-url=\"https:\/\/chezphilippe.ch\/app\/uploads\/2024\/07\/mathildaperrot-chezphilippe-espaces-web-13.jpg\">\n            <div class=\"single-menu-title\">\n              <h2> Bar <\/h2>\n            <\/div>\n            <div class=\"single-menu-description\">\n              Restauration, bar et tea-time tous les jours de 11h30 \u00e0 23h\n            <\/div>\n            <div class=\"single-menu-button\">\n              D\u00c9COUVRIR <i class=\"fa-solid fa-chevron-right fa-sm\"><\/i>\n            <\/div>\n          <\/div>\n        <\/a>\n             \n        <a href=\"https:\/\/chezphilippe.ch\/fr\/service-banquet-et-evenements\/\" class=\"col-md-4 single-menu-column\">\n          <div id=\"hero_menu_block_3\" class=\"hero-menu-block \" data-image-hover-url=\"https:\/\/chezphilippe.ch\/app\/uploads\/2023\/06\/chezphil-terasse-2200x1228-1.jpg\">\n            <div class=\"single-menu-title\">\n              <h2> Evenements <\/h2>\n            <\/div>\n            <div class=\"single-menu-description\">\n              Une offre sur-mesure pour vos \u00e9v\u00e9nements priv\u00e9s\n            <\/div>\n            <div class=\"single-menu-button\">\n              D\u00c9COUVRIR <i class=\"fa-solid fa-chevron-right fa-sm\"><\/i>\n            <\/div>\n          <\/div>\n        <\/a>\n          <\/div>\n  <\/div>\n<\/section>\n   \n  \n<\/div>\n\n<div id=\"bouillon-content\"><\/div>\n\n<section class=\"block-text-image  bg-left\" id=\"lieux\" style=\"background-color:#f3f5f5; background-image: url('https:\/\/chezphilippe.ch\/app\/uploads\/2023\/07\/empire-state-1.svg')  ;\">\n  <div class=\"container block-wrapper\" >\n    <div class=\"row\">\n\n      <div class=\"col-md-6 content-column\">\n        <div class=\"fields-subtitle\">\n          <h5> Un lieu unique \u00e0 gen\u00e8ve <\/h5>\n        <\/div>\n        <div class=\"fields-title\">\n          <h3> Bar et Restaurant <\/h3>\n        <\/div>\n        <div class=\"fields-description\">\n          <p><strong>Le bar<\/strong>, au rez-de-chauss\u00e9e, <span class=\"OYPEnA font-feature-liga-off font-feature-clig-off font-feature-calt-off text-decoration-none text-strikethrough-none\">propose une restauration en continu de 11h30 \u00e0 23h, au comptoir ou sur des tables hautes fa\u00e7on bistrot. P<\/span>our <span class=\"OYPEnA font-feature-liga-off font-feature-clig-off font-feature-calt-off text-decoration-none text-strikethrough-none\">pour un d\u00e9jeuner sur le pouce, une pause gourmande, un verre entres amis, ou un d\u00eener en t\u00eate \u00e0 t\u00eate.\u00a0<\/span><\/p>\n<p><strong>Le Grill, <\/strong>\u00e0 l&rsquo;\u00e9tage, offre un <span class=\"OYPEnA font-feature-liga-off font-feature-clig-off font-feature-calt-off text-decoration-none text-strikethrough-none\">cadre id\u00e9al pour des d\u00eeners d&rsquo;affaires, des occasions sp\u00e9ciales ou des repas en famille. Un d\u00e9cor \u00e9l\u00e9gant et raffin\u00e9, typiquement new-yorkais avec ses briques et poutres apparentes, ses mati\u00e8res brutes et ses pi\u00e8ces d\u2019art contemporain.<\/span><\/p>\n<p><strong>La terrasse,<\/strong> \u00e0 l&rsquo;\u00e9tage, change de d\u00e9cor au fil des saisons : fleurie et ensoleill\u00e9e l&rsquo;\u00e9t\u00e9, elle se transforme en cocon cosy l&rsquo;hiver.<\/p>\n\n        <\/div>\n        <div class=\"button-container-wrapper\">\n\n                      <div class=\"row button-container\">\n              <a href=\"\/fr\/restaurant#carte\" class=\"fields-button\">\n                LA CARTE DU GRILL <i class=\"fa-solid fa-chevron-right fa-sm\"><\/i>\n              <\/a>\n                            <a href=\"\/fr\/le-bar\/#carte-du-bar\" class=\"fields-button fields-button2\">\n                LA CARTE DU BAR <i class=\"fa-solid fa-chevron-right fa-sm\"><\/i>\n              <\/a>\n                          <\/div>\n            \n\n        <\/div>\n      <\/div>\n\n      <div class=\"col-md-6 image-column image-right bloc-image-gallery\">\n        \n        <div class=\"container-fluid\">\n          <div class=\"row\">\n\n                        \n                                                                      <div class=\"col-lg-6 col-md-12 mb-4 mb-lg-0\">\n                                    <img decoding=\"async\" class=\"w-100 shadow-1-strong mb-4\" src=\"https:\/\/chezphilippe.ch\/app\/uploads\/2026\/02\/Chez-Philippe_Terrasse-du-Grill-\u00a9-Marc-Ninghetto-5-scaled.jpeg\" alt=\"field_image['alt']\"\/> \n\n                                                                  <img decoding=\"async\" class=\"w-100 shadow-1-strong mb-4\" src=\"https:\/\/chezphilippe.ch\/app\/uploads\/2024\/07\/mathildaperrot-chezphilippe-preview-site.jpg\" alt=\"field_image['alt']\"\/> \n\n                                <\/div>\n                                                              <div class=\"col-lg-6 col-md-12 mb-4 mb-lg-0\">\n                                    <img decoding=\"async\" class=\"w-100 shadow-1-strong mb-4\" src=\"https:\/\/chezphilippe.ch\/app\/uploads\/2026\/02\/Chez-Philippe_Le-Grill-\u00a9-Mathilda-Perrot-33-scaled.jpg\" alt=\"field_image['alt']\"\/> \n\n                                                                  <img decoding=\"async\" class=\"w-100 shadow-1-strong mb-4\" src=\"https:\/\/chezphilippe.ch\/app\/uploads\/2026\/02\/Chez-Philippe_-Terrasse-Grill-ete-\u00a9-Mathilda-Perrot-1-scaled.jpg\" alt=\"field_image['alt']\"\/> \n\n                                <\/div>\n                                          \n                                  <\/div>\n        <\/div>\n\n      <\/div>\n\n    <\/div>\n  <\/div>\n<\/section>\n\n<section class=\"block-image-text bg-right\"  id=\"\" style=\"background-color:#ffffff; background-image: url('https:\/\/chezphilippe.ch\/app\/uploads\/2023\/07\/statut-liberte.svg')  ;\">\n  <div class=\"container block-wrapper\">\n    <div class=\"row\">\n      \n      <div class=\"col-md-6 bloc-image-gallery\">\n\n        <div class=\"container-fluid\">\n          <div class=\"row\">\n                            \n                                          \n                                            <!-- Slider main container -->\n                <!-- Slider main container -->\n              <div id=\"cmsSlider\" class=\"swiper cms-swiper\">\n                <!-- Additional required wrapper -->\n                <div class=\"swiper-wrapper\">\n                                      <div class=\"swiper-slide\">\n                      <img decoding=\"async\" class=\"swiper-slide\" src=\"https:\/\/chezphilippe.ch\/app\/uploads\/2024\/01\/Chez-Philippe-Philippe-Chevrier-c-Marc-Ninghetto.png\">\n                    <\/div>\n                                      <div class=\"swiper-slide\">\n                      <img decoding=\"async\" class=\"swiper-slide\" src=\"https:\/\/chezphilippe.ch\/app\/uploads\/2025\/05\/Chez-Philippe_les-viandes-\u00a9-Marc-Ninghetto-15.jpg\">\n                    <\/div>\n                                      <div class=\"swiper-slide\">\n                      <img decoding=\"async\" class=\"swiper-slide\" src=\"https:\/\/chezphilippe.ch\/app\/uploads\/2025\/05\/Chez-Philippe_les-viandes-\u00a9-Marc-Ninghetto-10.jpg\">\n                    <\/div>\n                                      <div class=\"swiper-slide\">\n                      <img decoding=\"async\" class=\"swiper-slide\" src=\"https:\/\/chezphilippe.ch\/app\/uploads\/2026\/02\/Design-sans-titre-6.jpg\">\n                    <\/div>\n                                  <\/div>\n                <!-- If we need pagination -->\n                <div class=\"swiper-pagination \"><\/div>\n                \n                <!-- If we need navigation buttons -->\n                <div class=\"swiper-button-prev\"><\/div>\n                <div class=\"swiper-button-next\"><\/div>\n              <\/div>\n                         \n          <\/div>\n        <\/div>\n      <\/div>\n\n      <div class=\"col-md-6 content-column\">\n        <div class=\"fields-subtitle\">\n          <h5> Un authentique steak-house <\/h5>\n        <\/div>\n        <div class=\"fields-title\">\n          <h3> Le concept <\/h3>\n        <\/div>\n        <div class=\"fields-description\">\n          <p><span class=\"OYPEnA font-feature-liga-off font-feature-clig-off font-feature-calt-off text-decoration-none text-strikethrough-none\">En 2015, le Chef Philippe Chevrier concr\u00e9tise le r\u00eave qu\u2019il avait depuis son premier voyage \u00e0 New-York en 1984 : ouvrir un steak-house \u00e0 Gen\u00e8ve. Il imagine un lieu vivant et anim\u00e9, qui m\u00e9lange architecture et gastronomie. Pari r\u00e9ussi avec l\u2019ouverture de \u00ab Chez Philippe \u00bb, <strong>un bar-grill spectaculaire, ouvert 7 jours sur 7, con\u00e7u comme un loft.<\/strong><\/span><\/p>\n<p><span class=\"OYPEnA font-feature-liga-off font-feature-clig-off font-feature-calt-off text-decoration-none text-strikethrough-none\">En 10 ans, \u00ab Chez Philippe \u00bb est devenu <strong>une adresse incontournable \u00e0 Gen\u00e8ve<\/strong>. Un steak-house dans la plus pure tradition des grills new-yorkais, qui a su s\u00e9duire une client\u00e8le amatrice de bonnes tables, de convivialit\u00e9 et de nouveaut\u00e9.<\/span><\/p>\n<p><span class=\"OYPEnA font-feature-liga-off font-feature-clig-off font-feature-calt-off text-decoration-none text-strikethrough-none\"><strong>La carte du grill met naturellement la viande \u00e0 l\u2019honneur.<\/strong> Les Chefs choisissent les meilleurs fournisseurs afin de proposer des produits d\u2019exception comme le b\u0153uf de Kob\u00e9 (Japon), l\u2019agneau d\u2019Irlande, le porc suisse ou les volailles fran\u00e7aises.<\/span><\/p>\n<p><strong>Les viandes, de premier choix,<\/strong> proviennent de <a href=\"https:\/\/boucheriemolard.ch\/\">La Grande Boucherie du Molard<\/a>, une institution \u00e0 Gen\u00e8ve. Elles sont pr\u00e9par\u00e9es par un ma\u00eetre boucher et <strong>grill\u00e9es au charbon de bois de h\u00eatre, un mode de cuisson sain, qui pr\u00e9serve toutes les saveurs.<\/strong><\/p>\n<p><span class=\"OYPEnA font-feature-liga-off font-feature-clig-off font-feature-calt-off text-decoration-none text-strikethrough-none\">La carte propose aussi des poissons, des plats v\u00e9g\u00e9tariens, des salades et un large choix de desserts faits maison.<\/span><\/p>\n\n        <\/div>\n        <div class=\"button-container-wrapper\">\n\n                      <div class=\"row button-container\">\n              <a href=\"\/fr\/reservation\" class=\"fields-button\">\n                R\u00c9SERVER <i class=\"fa-solid fa-chevron-right fa-sm\"><\/i>\n              <\/a>\n                                        <\/div>\n            \n\n        <\/div>\n      <\/div>\n    <\/div>\n  <\/div>\n<\/section>\n\n\n","protected":false},"excerpt":{"rendered":"","protected":false},"author":2,"featured_media":0,"parent":0,"menu_order":1,"comment_status":"closed","ping_status":"closed","template":"","meta":{"_acf_changed":false,"inline_featured_image":false,"footnotes":""},"class_list":["post-318","page","type-page","status-publish","hentry"],"acf":[],"yoast_head":"<!-- This site is optimized with the Yoast SEO plugin v23.9 - https:\/\/yoast.com\/wordpress\/plugins\/seo\/ -->\n<title>Accueil - Chez Philippe<\/title>\n<meta name=\"description\" content=\"Un authentique steakhouse au c\u0153ur de Gen\u00e8ve, ouvert tous les jours. Bar &amp; Grill avec des viandes d\u2019exception, dans un cadre contemporain.\" \/>\n<meta name=\"robots\" content=\"index, follow, max-snippet:-1, max-image-preview:large, max-video-preview:-1\" \/>\n<link rel=\"canonical\" href=\"https:\/\/chezphilippe.ch\/fr\/\" \/>\n<meta property=\"og:locale\" content=\"fr_FR\" \/>\n<meta property=\"og:type\" content=\"article\" \/>\n<meta property=\"og:title\" content=\"Accueil - Chez Philippe\" \/>\n<meta property=\"og:description\" content=\"Un authentique steakhouse au c\u0153ur de Gen\u00e8ve, ouvert tous les jours. Bar &amp; Grill avec des viandes d\u2019exception, dans un cadre contemporain.\" \/>\n<meta property=\"og:url\" content=\"https:\/\/chezphilippe.ch\/fr\/\" \/>\n<meta property=\"og:site_name\" content=\"Chez Philippe\" \/>\n<meta property=\"article:modified_time\" content=\"2026-02-09T15:21:02+00:00\" \/>\n<meta name=\"twitter:card\" content=\"summary_large_image\" \/>\n<script type=\"application\/ld+json\" class=\"yoast-schema-graph\">{\"@context\":\"https:\/\/schema.org\",\"@graph\":[{\"@type\":\"WebPage\",\"@id\":\"https:\/\/chezphilippe.ch\/fr\/\",\"url\":\"https:\/\/chezphilippe.ch\/fr\/\",\"name\":\"Accueil - Chez Philippe\",\"isPartOf\":{\"@id\":\"https:\/\/chezphilippe.ch\/fr\/#website\"},\"datePublished\":\"2022-09-02T08:09:05+00:00\",\"dateModified\":\"2026-02-09T15:21:02+00:00\",\"description\":\"Un authentique steakhouse au c\u0153ur de Gen\u00e8ve, ouvert tous les jours. Bar & Grill avec des viandes d\u2019exception, dans un cadre contemporain.\",\"breadcrumb\":{\"@id\":\"https:\/\/chezphilippe.ch\/fr\/#breadcrumb\"},\"inLanguage\":\"fr-FR\",\"potentialAction\":[{\"@type\":\"ReadAction\",\"target\":[\"https:\/\/chezphilippe.ch\/fr\/\"]}]},{\"@type\":\"BreadcrumbList\",\"@id\":\"https:\/\/chezphilippe.ch\/fr\/#breadcrumb\",\"itemListElement\":[{\"@type\":\"ListItem\",\"position\":1,\"name\":\"Home\",\"item\":\"https:\/\/chezphilippe.ch\/fr\/\"},{\"@type\":\"ListItem\",\"position\":2,\"name\":\"Accueil\"}]},{\"@type\":\"WebSite\",\"@id\":\"https:\/\/chezphilippe.ch\/fr\/#website\",\"url\":\"https:\/\/chezphilippe.ch\/fr\/\",\"name\":\"Chez Philippe\",\"description\":\"Steak House &amp; Bar au coeur de Gen\u00e8ve\",\"publisher\":{\"@id\":\"https:\/\/chezphilippe.ch\/fr\/#organization\"},\"potentialAction\":[{\"@type\":\"SearchAction\",\"target\":{\"@type\":\"EntryPoint\",\"urlTemplate\":\"https:\/\/chezphilippe.ch\/fr\/?s={search_term_string}\"},\"query-input\":{\"@type\":\"PropertyValueSpecification\",\"valueRequired\":true,\"valueName\":\"search_term_string\"}}],\"inLanguage\":\"fr-FR\"},{\"@type\":\"Organization\",\"@id\":\"https:\/\/chezphilippe.ch\/fr\/#organization\",\"name\":\"Chez Philippe\",\"url\":\"https:\/\/chezphilippe.ch\/fr\/\",\"logo\":{\"@type\":\"ImageObject\",\"inLanguage\":\"fr-FR\",\"@id\":\"https:\/\/chezphilippe.ch\/fr\/#\/schema\/logo\/image\/\",\"url\":\"https:\/\/chezphilippe.ch\/app\/uploads\/2023\/06\/chez-philippe-logo-signature-white.svg\",\"contentUrl\":\"https:\/\/chezphilippe.ch\/app\/uploads\/2023\/06\/chez-philippe-logo-signature-white.svg\",\"caption\":\"Chez Philippe\"},\"image\":{\"@id\":\"https:\/\/chezphilippe.ch\/fr\/#\/schema\/logo\/image\/\"}}]}<\/script>\n<!-- \/ Yoast SEO plugin. -->","yoast_head_json":{"title":"Accueil - Chez Philippe","description":"Un authentique steakhouse au c\u0153ur de Gen\u00e8ve, ouvert tous les jours. Bar & Grill avec des viandes d\u2019exception, dans un cadre contemporain.","robots":{"index":"index","follow":"follow","max-snippet":"max-snippet:-1","max-image-preview":"max-image-preview:large","max-video-preview":"max-video-preview:-1"},"canonical":"https:\/\/chezphilippe.ch\/fr\/","og_locale":"fr_FR","og_type":"article","og_title":"Accueil - Chez Philippe","og_description":"Un authentique steakhouse au c\u0153ur de Gen\u00e8ve, ouvert tous les jours. Bar & Grill avec des viandes d\u2019exception, dans un cadre contemporain.","og_url":"https:\/\/chezphilippe.ch\/fr\/","og_site_name":"Chez Philippe","article_modified_time":"2026-02-09T15:21:02+00:00","twitter_card":"summary_large_image","schema":{"@context":"https:\/\/schema.org","@graph":[{"@type":"WebPage","@id":"https:\/\/chezphilippe.ch\/fr\/","url":"https:\/\/chezphilippe.ch\/fr\/","name":"Accueil - Chez Philippe","isPartOf":{"@id":"https:\/\/chezphilippe.ch\/fr\/#website"},"datePublished":"2022-09-02T08:09:05+00:00","dateModified":"2026-02-09T15:21:02+00:00","description":"Un authentique steakhouse au c\u0153ur de Gen\u00e8ve, ouvert tous les jours. Bar & Grill avec des viandes d\u2019exception, dans un cadre contemporain.","breadcrumb":{"@id":"https:\/\/chezphilippe.ch\/fr\/#breadcrumb"},"inLanguage":"fr-FR","potentialAction":[{"@type":"ReadAction","target":["https:\/\/chezphilippe.ch\/fr\/"]}]},{"@type":"BreadcrumbList","@id":"https:\/\/chezphilippe.ch\/fr\/#breadcrumb","itemListElement":[{"@type":"ListItem","position":1,"name":"Home","item":"https:\/\/chezphilippe.ch\/fr\/"},{"@type":"ListItem","position":2,"name":"Accueil"}]},{"@type":"WebSite","@id":"https:\/\/chezphilippe.ch\/fr\/#website","url":"https:\/\/chezphilippe.ch\/fr\/","name":"Chez Philippe","description":"Steak House &amp; Bar au coeur de Gen\u00e8ve","publisher":{"@id":"https:\/\/chezphilippe.ch\/fr\/#organization"},"potentialAction":[{"@type":"SearchAction","target":{"@type":"EntryPoint","urlTemplate":"https:\/\/chezphilippe.ch\/fr\/?s={search_term_string}"},"query-input":{"@type":"PropertyValueSpecification","valueRequired":true,"valueName":"search_term_string"}}],"inLanguage":"fr-FR"},{"@type":"Organization","@id":"https:\/\/chezphilippe.ch\/fr\/#organization","name":"Chez Philippe","url":"https:\/\/chezphilippe.ch\/fr\/","logo":{"@type":"ImageObject","inLanguage":"fr-FR","@id":"https:\/\/chezphilippe.ch\/fr\/#\/schema\/logo\/image\/","url":"https:\/\/chezphilippe.ch\/app\/uploads\/2023\/06\/chez-philippe-logo-signature-white.svg","contentUrl":"https:\/\/chezphilippe.ch\/app\/uploads\/2023\/06\/chez-philippe-logo-signature-white.svg","caption":"Chez Philippe"},"image":{"@id":"https:\/\/chezphilippe.ch\/fr\/#\/schema\/logo\/image\/"}}]}},"_links":{"self":[{"href":"https:\/\/chezphilippe.ch\/fr\/wp-json\/wp\/v2\/pages\/318"}],"collection":[{"href":"https:\/\/chezphilippe.ch\/fr\/wp-json\/wp\/v2\/pages"}],"about":[{"href":"https:\/\/chezphilippe.ch\/fr\/wp-json\/wp\/v2\/types\/page"}],"author":[{"embeddable":true,"href":"https:\/\/chezphilippe.ch\/fr\/wp-json\/wp\/v2\/users\/2"}],"replies":[{"embeddable":true,"href":"https:\/\/chezphilippe.ch\/fr\/wp-json\/wp\/v2\/comments?post=318"}],"version-history":[{"count":823,"href":"https:\/\/chezphilippe.ch\/fr\/wp-json\/wp\/v2\/pages\/318\/revisions"}],"predecessor-version":[{"id":8861,"href":"https:\/\/chezphilippe.ch\/fr\/wp-json\/wp\/v2\/pages\/318\/revisions\/8861"}],"wp:attachment":[{"href":"https:\/\/chezphilippe.ch\/fr\/wp-json\/wp\/v2\/media?parent=318"}],"curies":[{"name":"wp","href":"https:\/\/api.w.org\/{rel}","templated":true}]}}