





{"id":3147,"date":"2022-09-13T10:41:19","date_gmt":"2022-09-13T08:41:19","guid":{"rendered":"https:\/\/chateauvieux.monsieurbouillon.ch\/reservation\/"},"modified":"2025-06-05T11:49:10","modified_gmt":"2025-06-05T09:49:10","slug":"booking","status":"publish","type":"page","link":"https:\/\/chezphilippe.ch\/en\/booking\/","title":{"rendered":"Booking"},"content":{"rendered":"  <div class=\" container-fluid hero-page \" style=\"background-image:  url('https:\/\/chezphilippe.ch\/app\/uploads\/2023\/06\/chez-philippe-hero-booking.jpg');\" id=\"hero_block\">\n      <a href=\"https:\/\/chezphilippe.ch\/en\/\" class=\"hero-logo-link\" > \n      <span class=\"hero-logo\" style=\"background-image: url('https:\/\/chezphilippe.ch\/app\/uploads\/2023\/06\/chez-philippe-logo-signature-white.svg');\"><\/span>\n\n       <\/a>\n\n\n      <h1 class=\"hero-title\"> R\u00e9servation <\/h1>\n\n  \n    \n\n      <div class=\"row discover-row\">\n      <div class=\"col-md-12\">\n      <a href=\"#bouillon-content\" class=\"skip\">\n                  Discover\n                          <i class=\"fa-solid fa-chevron-down\"><\/i>\n      <\/a>\n      <\/div>\n    <\/div>\n   \n  \n<\/div>\n\n<div id=\"bouillon-content\"><\/div>\n\n  <div class=\"container block-title\" id=\"\">\n  <div class=\"row\">\n    <div class=\"col-md-12 row-title\">\n      <h2 class=\"fields-title\">R\u00e9server votre table<\/h2>\n      <p class=\"fields-subtitle\"> <h3>Un authentique Grill House par Philippe chevrier<\/h3>\r\n<p>Situ\u00e9 Passage des Lions, une bonne adresse pour un restaurant &#8220;carnivore&#8221;,<br \/> Chez Philippe pourrait \u00eatre compar\u00e9 \u00e0 une micro enclave New Yorkaise au coeur de Gen\u00e8ve. Une sorte de Meatpacking sur Rh\u00f4ne. <br \/>\r\n <a href=\"https:\/\/www.google.com\/maps\/search\/Passage+des+Lions+Rue+du+Rh%C3%B4ne+8,+1204+Gen%C3%A8ve\/@46.2041055,6.1425138,17z\/data=!3m1!4b1?entry=ttu\" target=\"_blank\">Passage des Lions Rue du Rh\u00f4ne 8, <br>1204 Gen\u00e8ve<\/a><\/p>\r\n\r\n\r\n<h3>Horaires<\/h3>\r\n<p><strong>Chez Philippe<\/strong><br> vous accueille tous les jours du <br>\r\n<strong> Lundi au Dimanche<\/strong> <\/p>\r\n<p><strong> Horaires de commande du grill&nbsp;:<\/strong><br \/>\r\n11h30 &#8211; 15h00<br \/>\r\n18h30 &#8211; 22h30<\/p>\r\n<p><strong> Horaires de commande du bar&nbsp;:<\/strong><br \/>\r\nService continu<br>\r\n11h30 &#8211; 22h30 <\/p> <\/p>\n    <\/div>\n  <\/div>\n\n  \n<\/div>\n\n<div class=\"container reservation-page-container\" id=\"booking\">\n  <div class=\"row\">\n    <div class=\"col-md-12 title-col\">\n      <h2 class=\"fields-title\"> R\u00e9server <br \/> par t\u00e9l\u00e9phone ou en ligne <\/h2>\n    <\/div>\n  <\/div>\n  <div class=\"row\">\n    <div class=\"col-md-2\"><\/div> \n    <div class=\"col-md-4 phone-col infos-col\">\n      <a href=\"tel:+41223161616\" class=\"fields-button gold-button phone-button\" >\n        <i class=\"fa-solid fa-phone\"><\/i> +41223161616\n      <\/a>\n    <\/div>\n    \n    <div class=\"col-md-4  booking-col infos-col\">\n      <a class=\"fields-button grey-button booking-button\" id=\"booking-btn\">\n        <i class=\"fa-solid fa-bookmark\"><\/i> R\u00e9server en ligne\n      <\/a>\n    <\/div>\n    <div class=\"col-md-2\"><\/div> \n  <\/div>\n<\/div>\n\n<div class=\"booking-container\" id=\"booking-container\">\n  <div class=\"iframe-container\">\n    <button id=\"close-booking\" class=\"close-booking\"> <img decoding=\"async\" src=\"https:\/\/chezphilippe.ch\/app\/themes\/sowh4t-wp-starter\/assets\/img\/croix_noire.svg\" class=\"close-icon\"> <\/button>\n    <iframe\r\n        src=\"https:\/\/widget.thefork.com\/d9062808-25c1-48d8-b3c2-80f2751e9cd6\"\r\n        style=\"width: 100%; min-height:800px; border:none; overflow:scroll;\"\r\n      ><\/iframe>\n  <\/div>\n<\/div>","protected":false},"excerpt":{"rendered":"","protected":false},"author":2,"featured_media":0,"parent":0,"menu_order":12,"comment_status":"closed","ping_status":"closed","template":"","meta":{"_acf_changed":false,"inline_featured_image":false,"footnotes":""},"class_list":["post-3147","page","type-page","status-publish","hentry"],"acf":[],"yoast_head":"<!-- This site is optimized with the Yoast SEO plugin v23.9 - https:\/\/yoast.com\/wordpress\/plugins\/seo\/ -->\n<title>Booking - Chez Philippe<\/title>\n<meta name=\"description\" content=\"Book your table at Chez Philippe, Monday to Sunday, in a warm and contemporary New York decor\" \/>\n<meta name=\"robots\" content=\"index, follow, max-snippet:-1, max-image-preview:large, max-video-preview:-1\" \/>\n<link rel=\"canonical\" href=\"https:\/\/chezphilippe.ch\/en\/booking\/\" \/>\n<meta property=\"og:locale\" content=\"en_US\" \/>\n<meta property=\"og:type\" content=\"article\" \/>\n<meta property=\"og:title\" content=\"Booking - Chez Philippe\" \/>\n<meta property=\"og:description\" content=\"Book your table at Chez Philippe, Monday to Sunday, in a warm and contemporary New York decor\" \/>\n<meta property=\"og:url\" content=\"https:\/\/chezphilippe.ch\/en\/booking\/\" \/>\n<meta property=\"og:site_name\" content=\"Chez Philippe\" \/>\n<meta property=\"article:modified_time\" content=\"2025-06-05T09:49:10+00:00\" \/>\n<meta name=\"twitter:card\" content=\"summary_large_image\" \/>\n<script type=\"application\/ld+json\" class=\"yoast-schema-graph\">{\"@context\":\"https:\/\/schema.org\",\"@graph\":[{\"@type\":\"WebPage\",\"@id\":\"https:\/\/chezphilippe.ch\/en\/booking\/\",\"url\":\"https:\/\/chezphilippe.ch\/en\/booking\/\",\"name\":\"Booking - Chez Philippe\",\"isPartOf\":{\"@id\":\"https:\/\/chezphilippe.ch\/en\/#website\"},\"datePublished\":\"2022-09-13T08:41:19+00:00\",\"dateModified\":\"2025-06-05T09:49:10+00:00\",\"description\":\"Book your table at Chez Philippe, Monday to Sunday, in a warm and contemporary New York decor\",\"breadcrumb\":{\"@id\":\"https:\/\/chezphilippe.ch\/en\/booking\/#breadcrumb\"},\"inLanguage\":\"en-US\",\"potentialAction\":[{\"@type\":\"ReadAction\",\"target\":[\"https:\/\/chezphilippe.ch\/en\/booking\/\"]}]},{\"@type\":\"BreadcrumbList\",\"@id\":\"https:\/\/chezphilippe.ch\/en\/booking\/#breadcrumb\",\"itemListElement\":[{\"@type\":\"ListItem\",\"position\":1,\"name\":\"Home\",\"item\":\"https:\/\/chezphilippe.ch\/en\/\"},{\"@type\":\"ListItem\",\"position\":2,\"name\":\"Booking\"}]},{\"@type\":\"WebSite\",\"@id\":\"https:\/\/chezphilippe.ch\/en\/#website\",\"url\":\"https:\/\/chezphilippe.ch\/en\/\",\"name\":\"Chez Philippe\",\"description\":\"Steak House &amp; Bar au coeur de Gen\u00e8ve\",\"publisher\":{\"@id\":\"https:\/\/chezphilippe.ch\/en\/#organization\"},\"potentialAction\":[{\"@type\":\"SearchAction\",\"target\":{\"@type\":\"EntryPoint\",\"urlTemplate\":\"https:\/\/chezphilippe.ch\/en\/?s={search_term_string}\"},\"query-input\":{\"@type\":\"PropertyValueSpecification\",\"valueRequired\":true,\"valueName\":\"search_term_string\"}}],\"inLanguage\":\"en-US\"},{\"@type\":\"Organization\",\"@id\":\"https:\/\/chezphilippe.ch\/en\/#organization\",\"name\":\"Chez Philippe\",\"url\":\"https:\/\/chezphilippe.ch\/en\/\",\"logo\":{\"@type\":\"ImageObject\",\"inLanguage\":\"en-US\",\"@id\":\"https:\/\/chezphilippe.ch\/en\/#\/schema\/logo\/image\/\",\"url\":\"https:\/\/chezphilippe.ch\/app\/uploads\/2023\/06\/chez-philippe-logo-signature-white.svg\",\"contentUrl\":\"https:\/\/chezphilippe.ch\/app\/uploads\/2023\/06\/chez-philippe-logo-signature-white.svg\",\"caption\":\"Chez Philippe\"},\"image\":{\"@id\":\"https:\/\/chezphilippe.ch\/en\/#\/schema\/logo\/image\/\"}}]}<\/script>\n<!-- \/ Yoast SEO plugin. -->","yoast_head_json":{"title":"Booking - Chez Philippe","description":"Book your table at Chez Philippe, Monday to Sunday, in a warm and contemporary New York decor","robots":{"index":"index","follow":"follow","max-snippet":"max-snippet:-1","max-image-preview":"max-image-preview:large","max-video-preview":"max-video-preview:-1"},"canonical":"https:\/\/chezphilippe.ch\/en\/booking\/","og_locale":"en_US","og_type":"article","og_title":"Booking - Chez Philippe","og_description":"Book your table at Chez Philippe, Monday to Sunday, in a warm and contemporary New York decor","og_url":"https:\/\/chezphilippe.ch\/en\/booking\/","og_site_name":"Chez Philippe","article_modified_time":"2025-06-05T09:49:10+00:00","twitter_card":"summary_large_image","schema":{"@context":"https:\/\/schema.org","@graph":[{"@type":"WebPage","@id":"https:\/\/chezphilippe.ch\/en\/booking\/","url":"https:\/\/chezphilippe.ch\/en\/booking\/","name":"Booking - Chez Philippe","isPartOf":{"@id":"https:\/\/chezphilippe.ch\/en\/#website"},"datePublished":"2022-09-13T08:41:19+00:00","dateModified":"2025-06-05T09:49:10+00:00","description":"Book your table at Chez Philippe, Monday to Sunday, in a warm and contemporary New York decor","breadcrumb":{"@id":"https:\/\/chezphilippe.ch\/en\/booking\/#breadcrumb"},"inLanguage":"en-US","potentialAction":[{"@type":"ReadAction","target":["https:\/\/chezphilippe.ch\/en\/booking\/"]}]},{"@type":"BreadcrumbList","@id":"https:\/\/chezphilippe.ch\/en\/booking\/#breadcrumb","itemListElement":[{"@type":"ListItem","position":1,"name":"Home","item":"https:\/\/chezphilippe.ch\/en\/"},{"@type":"ListItem","position":2,"name":"Booking"}]},{"@type":"WebSite","@id":"https:\/\/chezphilippe.ch\/en\/#website","url":"https:\/\/chezphilippe.ch\/en\/","name":"Chez Philippe","description":"Steak House &amp; Bar au coeur de Gen\u00e8ve","publisher":{"@id":"https:\/\/chezphilippe.ch\/en\/#organization"},"potentialAction":[{"@type":"SearchAction","target":{"@type":"EntryPoint","urlTemplate":"https:\/\/chezphilippe.ch\/en\/?s={search_term_string}"},"query-input":{"@type":"PropertyValueSpecification","valueRequired":true,"valueName":"search_term_string"}}],"inLanguage":"en-US"},{"@type":"Organization","@id":"https:\/\/chezphilippe.ch\/en\/#organization","name":"Chez Philippe","url":"https:\/\/chezphilippe.ch\/en\/","logo":{"@type":"ImageObject","inLanguage":"en-US","@id":"https:\/\/chezphilippe.ch\/en\/#\/schema\/logo\/image\/","url":"https:\/\/chezphilippe.ch\/app\/uploads\/2023\/06\/chez-philippe-logo-signature-white.svg","contentUrl":"https:\/\/chezphilippe.ch\/app\/uploads\/2023\/06\/chez-philippe-logo-signature-white.svg","caption":"Chez Philippe"},"image":{"@id":"https:\/\/chezphilippe.ch\/en\/#\/schema\/logo\/image\/"}}]}},"_links":{"self":[{"href":"https:\/\/chezphilippe.ch\/en\/wp-json\/wp\/v2\/pages\/3147"}],"collection":[{"href":"https:\/\/chezphilippe.ch\/en\/wp-json\/wp\/v2\/pages"}],"about":[{"href":"https:\/\/chezphilippe.ch\/en\/wp-json\/wp\/v2\/types\/page"}],"author":[{"embeddable":true,"href":"https:\/\/chezphilippe.ch\/en\/wp-json\/wp\/v2\/users\/2"}],"replies":[{"embeddable":true,"href":"https:\/\/chezphilippe.ch\/en\/wp-json\/wp\/v2\/comments?post=3147"}],"version-history":[{"count":39,"href":"https:\/\/chezphilippe.ch\/en\/wp-json\/wp\/v2\/pages\/3147\/revisions"}],"predecessor-version":[{"id":8308,"href":"https:\/\/chezphilippe.ch\/en\/wp-json\/wp\/v2\/pages\/3147\/revisions\/8308"}],"wp:attachment":[{"href":"https:\/\/chezphilippe.ch\/en\/wp-json\/wp\/v2\/media?parent=3147"}],"curies":[{"name":"wp","href":"https:\/\/api.w.org\/{rel}","templated":true}]}}